{"id":9,"date":"2014-08-15T06:38:58","date_gmt":"2014-08-15T06:38:58","guid":{"rendered":"http:\/\/demos.artbees.net\/jupiter5\/big-vision\/?page_id=9"},"modified":"2016-10-24T19:27:46","modified_gmt":"2016-10-25T01:27:46","slug":"home","status":"publish","type":"page","link":"https:\/\/amiprosa.com\/sitio\/","title":{"rendered":"Inicio"},"content":{"rendered":"[vc_row fullwidth=&#8221;true&#8221; css=&#8221;.vc_custom_1408094196515{padding: 0px !important;}&#8221;][vc_column][mk_edge_slider first_el=&#8221;true&#8221; swiper_bg=&#8221;#000000&#8243; full_height=&#8221;false&#8221; skip_arrow=&#8221;false&#8221; slides=&#8221;735, 736&#8243;][mk_divider style=&#8221;thin_solid&#8221; thickness=&#8221;3&#8243; margin_top=&#8221;0&#8243; margin_bottom=&#8221;0&#8243;][mk_padding_divider size=&#8221;80&#8243;][\/vc_column][\/vc_row][vc_row][vc_column][mk_fancy_title tag_name=&#8221;h3&#8243; color=&#8221;#00afec&#8221; size=&#8221;26&#8243; font_weight=&#8221;bold&#8221; txt_transform=&#8221;uppercase&#8221; letter_spacing=&#8221;2&#8243; font_family=&#8221;none&#8221; align=&#8221;center&#8221;]BIENVENIDO A GRUPO AMI[\/mk_fancy_title][mk_fancy_title tag_name=&#8221;h3&#8243; color=&#8221;#6b6b6b&#8221; size=&#8221;16&#8243; txt_transform=&#8221;uppercase&#8221; letter_spacing=&#8221;1&#8243; font_family=&#8221;none&#8221; align=&#8221;center&#8221;]Grupo AMI es integrado por Amipro, S.A. y Equipo, S.A.[\/mk_fancy_title][mk_padding_divider][\/vc_column][\/vc_row][mk_page_section bg_image=&#8221;https:\/\/amiprosa.com\/sitio\/wp-content\/uploads\/2014\/08\/testimonial-bg-full1.jpg&#8221; attachment=&#8221;fixed&#8221; bg_repeat=&#8221;no-repeat&#8221; bg_stretch=&#8221;true&#8221; enable_3d=&#8221;true&#8221; video_color_mask=&#8221;rgba(0,0,0,0.26)&#8221; padding_top=&#8221;90&#8243; padding_bottom=&#8221;40&#8243; sidebar=&#8221;sidebar-1&#8243; first_page=&#8221;false&#8221; last_page=&#8221;false&#8221;][vc_column width=&#8221;1\/6&#8243;][\/vc_column][vc_column width=&#8221;2\/3&#8243;][mk_fancy_title tag_name=&#8221;h1&#8243; color=&#8221;#2b2b2b&#8221; size=&#8221;34&#8243; font_family=&#8221;none&#8221; align=&#8221;center&#8221; animation=&#8221;scale-up&#8221;]\n<p style=\"text-align: center;\"><strong>\u00a1LO MEJOR EN CALIDAD Y ROBUSTEZ!<\/strong><\/p>\n[\/mk_fancy_title][\/vc_column][vc_column width=&#8221;1\/6&#8243;][\/vc_column][\/mk_page_section][vc_row][vc_column][mk_padding_divider size=&#8221;80&#8243;][mk_fancy_title tag_name=&#8221;h3&#8243; color=&#8221;#00afec&#8221; size=&#8221;26&#8243; font_weight=&#8221;bold&#8221; txt_transform=&#8221;uppercase&#8221; letter_spacing=&#8221;2&#8243; font_family=&#8221;none&#8221; align=&#8221;center&#8221;]SU SEGURIDAD LA GARANTIZA NUESTRA EXPERIENCIA DE MAS DE 35 A\u00d1OS.[\/mk_fancy_title][mk_fancy_title tag_name=&#8221;h3&#8243; color=&#8221;#6b6b6b&#8221; size=&#8221;16&#8243; txt_transform=&#8221;uppercase&#8221; letter_spacing=&#8221;1&#8243; font_family=&#8221;none&#8221; align=&#8221;center&#8221;]Por medio de nuestra experiencia de m\u00e1s de 35 a\u00f1os de permanecer ininterrumpidamente en el mercado de la protecci\u00f3n el\u00e9ctrica podemos garantizar que cualquier soluci\u00f3n que le ofrezcamos ser\u00e1 una de la mejores que podr\u00e1 encontrar en el mercado.[\/mk_fancy_title][mk_padding_divider size=&#8221;50&#8243;][\/vc_column][\/vc_row][vc_row][vc_column][mk_padding_divider][\/vc_column][\/vc_row][mk_page_section bg_color=&#8221;#00afec&#8221; min_height=&#8221;0&#8243; padding_top=&#8221;50&#8243; padding_bottom=&#8221;40&#8243; sidebar=&#8221;sidebar-1&#8243; first_page=&#8221;false&#8221; last_page=&#8221;false&#8221;][vc_column width=&#8221;2\/3&#8243;][mk_fancy_title color=&#8221;#ffffff&#8221; size=&#8221;30&#8243; font_style=&#8221;normal&#8221; margin_top=&#8221;13&#8243; margin_bottom=&#8221;18&#8243; font_family=&#8221;none&#8221;]Nos encantar\u00eda escuchar sus necesidades y\u00a0asesorarle.[\/mk_fancy_title][\/vc_column][vc_column width=&#8221;1\/3&#8243;][mk_button dimension=&#8221;flat&#8221; corner_style=&#8221;rounded&#8221; size=&#8221;large&#8221; url=&#8221;https:\/\/amiprosa.com\/sitio\/contacto\/&#8221; bg_color=&#8221;rgba(255,255,255,0.3)&#8221; btn_hover_bg=&#8221;#ffffff&#8221; btn_hover_txt_color=&#8221;#50c9f3&#8243;]CONTACTENOS[\/mk_button][\/vc_column][\/mk_page_section]\n","protected":false},"excerpt":{"rendered":"<p>[vc_row fullwidth=&#8221;true&#8221; css=&#8221;.vc_custom_1408094196515{padding: 0px !important;}&#8221;][vc_column][mk_edge_slider first_el=&#8221;true&#8221; swiper_bg=&#8221;#000000&#8243; full_height=&#8221;false&#8221; skip_arrow=&#8221;false&#8221; slides=&#8221;735, 736&#8243;][mk_divider style=&#8221;thin_solid&#8221; thickness=&#8221;3&#8243; margin_top=&#8221;0&#8243; margin_bottom=&#8221;0&#8243;][mk_padding_divider size=&#8221;80&#8243;][\/vc_column][\/vc_row][vc_row][vc_column][mk_fancy_title tag_name=&#8221;h3&#8243; color=&#8221;#00afec&#8221; size=&#8221;26&#8243; font_weight=&#8221;bold&#8221; txt_transform=&#8221;uppercase&#8221; letter_spacing=&#8221;2&#8243; font_family=&#8221;none&#8221; align=&#8221;center&#8221;]BIENVENIDO A GRUPO AMI[\/mk_fancy_title][mk_fancy_title tag_name=&#8221;h3&#8243; color=&#8221;#6b6b6b&#8221; size=&#8221;16&#8243; txt_transform=&#8221;uppercase&#8221; letter_spacing=&#8221;1&#8243; font_family=&#8221;none&#8221; align=&#8221;center&#8221;]Grupo AMI es integrado por Amipro, S.A. y Equipo, S.A.[\/mk_fancy_title][mk_padding_divider][\/vc_column][\/vc_row][mk_page_section bg_image=&#8221;https:\/\/amiprosa.com\/sitio\/wp-content\/uploads\/2014\/08\/testimonial-bg-full1.jpg&#8221; attachment=&#8221;fixed&#8221; bg_repeat=&#8221;no-repeat&#8221; bg_stretch=&#8221;true&#8221; enable_3d=&#8221;true&#8221; video_color_mask=&#8221;rgba(0,0,0,0.26)&#8221; padding_top=&#8221;90&#8243; padding_bottom=&#8221;40&#8243; sidebar=&#8221;sidebar-1&#8243; first_page=&#8221;false&#8221; last_page=&#8221;false&#8221;][vc_column width=&#8221;1\/6&#8243;][\/vc_column][vc_column [&hellip;]<\/p>\n","protected":false},"author":1,"featured_media":0,"parent":0,"menu_order":0,"comment_status":"open","ping_status":"open","template":"","meta":{"footnotes":""},"class_list":["post-9","page","type-page","status-publish","hentry"],"_links":{"self":[{"href":"https:\/\/amiprosa.com\/sitio\/wp-json\/wp\/v2\/pages\/9","targetHints":{"allow":["GET"]}}],"collection":[{"href":"https:\/\/amiprosa.com\/sitio\/wp-json\/wp\/v2\/pages"}],"about":[{"href":"https:\/\/amiprosa.com\/sitio\/wp-json\/wp\/v2\/types\/page"}],"author":[{"embeddable":true,"href":"https:\/\/amiprosa.com\/sitio\/wp-json\/wp\/v2\/users\/1"}],"replies":[{"embeddable":true,"href":"https:\/\/amiprosa.com\/sitio\/wp-json\/wp\/v2\/comments?post=9"}],"version-history":[{"count":10,"href":"https:\/\/amiprosa.com\/sitio\/wp-json\/wp\/v2\/pages\/9\/revisions"}],"predecessor-version":[{"id":4065,"href":"https:\/\/amiprosa.com\/sitio\/wp-json\/wp\/v2\/pages\/9\/revisions\/4065"}],"wp:attachment":[{"href":"https:\/\/amiprosa.com\/sitio\/wp-json\/wp\/v2\/media?parent=9"}],"curies":[{"name":"wp","href":"https:\/\/api.w.org\/{rel}","templated":true}]}}