{"id":116,"date":"2014-08-16T09:10:04","date_gmt":"2014-08-16T09:10:04","guid":{"rendered":"http:\/\/demos.artbees.net\/jupiter5\/big-vision\/?page_id=116"},"modified":"2016-10-24T18:41:14","modified_gmt":"2016-10-25T00:41:14","slug":"porque-amipro","status":"publish","type":"page","link":"https:\/\/amiprosa.com\/sitio\/porque-amipro\/","title":{"rendered":"Porque Amipro"},"content":{"rendered":"[vc_row fullwidth=&#8221;true&#8221; padding=&#8221;0&#8243;][vc_column][mk_page_title_box page_title=&#8221;\u00bfPORQUE AMIPRO?&#8221; page_subtitle=&#8221;Porque obtiene la mejor asesor\u00eda en el tema de protecci\u00f3n electrica.&#8221; section_height=&#8221;500&#8243; bg_image=&#8221;https:\/\/amiprosa.com\/sitio\/wp-content\/uploads\/2014\/08\/about-title-bg.jpg&#8221; bg_position=&#8221;center top&#8221; bg_stretch=&#8221;true&#8221; bg_effects=&#8221;parallax&#8221; font_size=&#8221;60&#8243; font_color=&#8221;#ffffff&#8221; sub_font_size=&#8221;26&#8243; sub_font_color=&#8221;#ffffff&#8221;][mk_divider style=&#8221;thin_solid&#8221; thickness=&#8221;3&#8243; margin_top=&#8221;0&#8243; margin_bottom=&#8221;0&#8243;][mk_padding_divider size=&#8221;80&#8243;][\/vc_column][\/vc_row][vc_row css=&#8221;.vc_custom_1447765509294{padding-top: 2px !important;padding-right: 2px !important;padding-bottom: 2px !important;padding-left: 2px !important;}&#8221;][vc_column width=&#8221;1\/2&#8243;][mk_fancy_title tag_name=&#8221;h3&#8243; color=&#8221;#00afec&#8221; size=&#8221;26&#8243; font_weight=&#8221;bold&#8221; txt_transform=&#8221;uppercase&#8221; letter_spacing=&#8221;2&#8243; font_family=&#8221;none&#8221;]SOPORTE DEDICADO[\/mk_fancy_title][vc_column_text css=&#8221;.vc_custom_1408360942331{margin-bottom: 0px !important;}&#8221;]Nuestro soporte es el mejor que puede encontrar en el mercado local, contamos con un equipo de t\u00e9cnicos con experiencia de mas de 12 a\u00f1os de trabajar en el medio de protecci\u00f3n el\u00e9ctrica, contamos con una aplica bater\u00eda de equipos de soporte para dar un respuesta inmediata ante fallas de equipos o bien si nuestros clientes necesita alguna soluci\u00f3n temporal donde tengan que alquilar un equipo por poco tiempo. \u00a0Si se atreve a probar nuestro servicio y soporte quedara prendado de el y no nos cambiara nunca, pues no encontrara otra opci\u00f3n mejor.[\/vc_column_text][\/vc_column][vc_column width=&#8221;1\/2&#8243;][mk_fancy_title tag_name=&#8221;h3&#8243; color=&#8221;#00afec&#8221; size=&#8221;26&#8243; font_weight=&#8221;bold&#8221; txt_transform=&#8221;uppercase&#8221; letter_spacing=&#8221;2&#8243; font_family=&#8221;none&#8221;]MEJORES PRECIOS[\/mk_fancy_title][vc_column_text css=&#8221;.vc_custom_1408360942331{margin-bottom: 0px !important;}&#8221;]Debido a nuestro amplio conocimiento del mercado de protecci\u00f3n el\u00e9ctrica el cual hemos adquirido a lo largo de nuestros ya 33 a\u00f1os de experiencia en el ramo, podemos confirmar que nuestros precios son la mejor combinaci\u00f3n de alta calidad, excelente precio con un gran valor agregado y una incomparable presentaci\u00f3n de nuestro equipos.[\/vc_column_text][\/vc_column][\/vc_row][vc_row fullwidth=&#8221;true&#8221; padding=&#8221;0&#8243;][vc_column][mk_padding_divider size=&#8221;80&#8243;][\/vc_column][\/vc_row][mk_page_section bg_image=&#8221;https:\/\/amiprosa.com\/sitio\/wp-content\/uploads\/2014\/08\/big-vision-ceo1.jpg&#8221; attachment=&#8221;fixed&#8221; bg_position=&#8221;center center&#8221; bg_repeat=&#8221;no-repeat&#8221; enable_3d=&#8221;true&#8221; min_height=&#8221;0&#8243; padding_top=&#8221;140&#8243; padding_bottom=&#8221;140&#8243; sidebar=&#8221;sidebar-1&#8243; first_page=&#8221;false&#8221; last_page=&#8221;false&#8221;][vc_column width=&#8221;1\/2&#8243;][\/vc_column][vc_column width=&#8221;1\/2&#8243;][mk_fancy_title tag_name=&#8221;h4&#8243; color=&#8221;#333333&#8243; size=&#8221;28&#8243; font_style=&#8221;italic&#8221; font_family=&#8221;none&#8221;]&#8221;NO PUEDE FALTAR NUESTRA INSUPERABLE GARANT\u00cdA OTORGADA A NUESTROS EQUIPOS, LA CUAL PUEDE SER DE 1, 2 Y HASTA 10 A\u00d1OS.&#8221;[\/mk_fancy_title][\/vc_column][\/mk_page_section][vc_row fullwidth=&#8221;true&#8221; padding=&#8221;0&#8243;][vc_column][mk_padding_divider size=&#8221;80&#8243;][\/vc_column][\/vc_row][mk_page_section bg_color=&#8221;#f2f2f2&#8243; speed_factor=&#8221;4&#8243; min_height=&#8221;0&#8243; padding_top=&#8221;50&#8243; padding_bottom=&#8221;30&#8243; margin_bottom=&#8221;60&#8243; sidebar=&#8221;sidebar-1&#8243; first_page=&#8221;false&#8221; last_page=&#8221;false&#8221;][vc_column][mk_fancy_title tag_name=&#8221;h3&#8243; color=&#8221;#00afec&#8221; size=&#8221;26&#8243; font_weight=&#8221;bold&#8221; txt_transform=&#8221;uppercase&#8221; letter_spacing=&#8221;2&#8243; font_family=&#8221;none&#8221; align=&#8221;center&#8221;]SOMOS SU MEJOR OPCI\u00d3N[\/mk_fancy_title][mk_fancy_title tag_name=&#8221;h3&#8243; color=&#8221;#6b6b6b&#8221; size=&#8221;16&#8243; txt_transform=&#8221;uppercase&#8221; letter_spacing=&#8221;1&#8243; font_family=&#8221;none&#8221; align=&#8221;center&#8221;]CONS\u00daLTENOS Y VIVA LA MEJOR EXPERIENCIA EN LA COMPRA DE SUS EQUIPO DE PROTECCI\u00d3N EL\u00c9CTRICA DE ALTA CALIDAD Y BUEN PRECIO.[\/mk_fancy_title][\/vc_column][\/mk_page_section]\n","protected":false},"excerpt":{"rendered":"<p>[vc_row fullwidth=&#8221;true&#8221; padding=&#8221;0&#8243;][vc_column][mk_page_title_box page_title=&#8221;\u00bfPORQUE AMIPRO?&#8221; page_subtitle=&#8221;Porque obtiene la mejor asesor\u00eda en el tema de protecci\u00f3n electrica.&#8221; section_height=&#8221;500&#8243; bg_image=&#8221;https:\/\/amiprosa.com\/sitio\/wp-content\/uploads\/2014\/08\/about-title-bg.jpg&#8221; bg_position=&#8221;center top&#8221; bg_stretch=&#8221;true&#8221; bg_effects=&#8221;parallax&#8221; font_size=&#8221;60&#8243; font_color=&#8221;#ffffff&#8221; sub_font_size=&#8221;26&#8243; sub_font_color=&#8221;#ffffff&#8221;][mk_divider style=&#8221;thin_solid&#8221; thickness=&#8221;3&#8243; margin_top=&#8221;0&#8243; margin_bottom=&#8221;0&#8243;][mk_padding_divider size=&#8221;80&#8243;][\/vc_column][\/vc_row][vc_row css=&#8221;.vc_custom_1447765509294{padding-top: 2px !important;padding-right: 2px !important;padding-bottom: 2px !important;padding-left: 2px !important;}&#8221;][vc_column width=&#8221;1\/2&#8243;][mk_fancy_title tag_name=&#8221;h3&#8243; color=&#8221;#00afec&#8221; size=&#8221;26&#8243; font_weight=&#8221;bold&#8221; txt_transform=&#8221;uppercase&#8221; letter_spacing=&#8221;2&#8243; font_family=&#8221;none&#8221;]SOPORTE DEDICADO[\/mk_fancy_title][vc_column_text css=&#8221;.vc_custom_1408360942331{margin-bottom: 0px !important;}&#8221;]Nuestro soporte es el [&hellip;]<\/p>\n","protected":false},"author":1,"featured_media":0,"parent":0,"menu_order":0,"comment_status":"open","ping_status":"open","template":"","meta":{"footnotes":""},"class_list":["post-116","page","type-page","status-publish","hentry"],"_links":{"self":[{"href":"https:\/\/amiprosa.com\/sitio\/wp-json\/wp\/v2\/pages\/116","targetHints":{"allow":["GET"]}}],"collection":[{"href":"https:\/\/amiprosa.com\/sitio\/wp-json\/wp\/v2\/pages"}],"about":[{"href":"https:\/\/amiprosa.com\/sitio\/wp-json\/wp\/v2\/types\/page"}],"author":[{"embeddable":true,"href":"https:\/\/amiprosa.com\/sitio\/wp-json\/wp\/v2\/users\/1"}],"replies":[{"embeddable":true,"href":"https:\/\/amiprosa.com\/sitio\/wp-json\/wp\/v2\/comments?post=116"}],"version-history":[{"count":10,"href":"https:\/\/amiprosa.com\/sitio\/wp-json\/wp\/v2\/pages\/116\/revisions"}],"predecessor-version":[{"id":4049,"href":"https:\/\/amiprosa.com\/sitio\/wp-json\/wp\/v2\/pages\/116\/revisions\/4049"}],"wp:attachment":[{"href":"https:\/\/amiprosa.com\/sitio\/wp-json\/wp\/v2\/media?parent=116"}],"curies":[{"name":"wp","href":"https:\/\/api.w.org\/{rel}","templated":true}]}}